{"id":124055,"date":"2022-05-23T13:11:59","date_gmt":"2022-05-23T11:11:59","guid":{"rendered":"https:\/\/zity.eco\/?page_id=124055"},"modified":"2022-05-23T13:14:44","modified_gmt":"2022-05-23T11:14:44","slug":"politica-dei-cookie","status":"publish","type":"page","link":"https:\/\/zity.eco\/it\/documenti-legali\/politica-dei-cookie\/","title":{"rendered":"Politica dei cookie"},"content":{"rendered":"\n<ol><li> <h3>Cosa sono i cookies?<\/h3> <p>Un cookie \u00e8 un piccolo file che viene scaricato sul tuo terminale o dispositivo (sia esso un computer, uno smartphone o un tablet) quando accedi a una pagina web o usi un&#8217;applicazione che permette al proprietario della pagina di memorizzare o recuperare informazioni su aspetti della tua navigazione.<\/p> <p>Dall&#8217;AZIENDA vogliamo offrirti le informazioni necessarie sui cookies utilizzati nel sito web e\/o nell&#8217;applicazione, in modo che tu abbia piena capacit\u00e0 di decidere sull&#8217;uso degli stessi e sulla protezione della tua privacy.<\/p> <\/li><li> <h3>Quali cookie utilizziamo?<\/h3> <p>Utilizziamo i cookie per consentire, personalizzare e analizzare la navigazione, migliorando la qualit\u00e0 dei servizi offerti attraverso questo Servizio. I cookie utilizzati sono classificati in diverse categorie, anche se un cookie pu\u00f2 essere incluso in pi\u00f9 di una categoria:<\/p> <p>Cookie di sessione: cookie temporanei che non vengono memorizzati nel suo terminale, ma scompaiono al termine della sessione di navigazione.<\/p> <p>Cookie persistenti: sono quelli che permettono ai dati di rimanere nel suo terminale e possono essere trattati oltre la fine della sessione.<\/p> <p>Cookie propri: sono quelli che vengono inviati al suo terminale dalla nostra applicazione, anche se alcuni di essi sono forniti dallo strumento Google Analytics.<\/p> <p>Cookie di terze parti: sono quelli che vengono inviati al suo terminale da un dominio che non \u00e8 gestito dall&#8217;AZIENDA, ma da un&#8217;altra entit\u00e0 che elabora i dati ottenuti attraverso i cookie. Al fine di consentire varie funzionalit\u00e0, utilizziamo i cookie di Vimeo, Inc. per riprodurre video (<a href=\"https:\/\/vimeo.com\/cookie_policy\" target=\"_blank\" rel=\"noreferrer noopener\">https:\/\/vimeo.com\/cookie_policy<\/a>).<\/p> <p>Cookie tecnici: cookies che permettono la navigazione attraverso il Sito Web e\/o l&#8217;Applicazione e l&#8217;uso delle loro opzioni o servizi, come quelli che permettono il controllo del traffico e la comunicazione dei dati, l&#8217;identificazione della sessione, l&#8217;accesso ad aree riservate o l&#8217;uso di elementi di sicurezza durante la navigazione.<\/p> <p>Cookie di personalizzazione: cookies che permettono di accedere al Sito Web e\/o all&#8217;Applicazione con alcune caratteristiche predefinite in funzione di criteri come la lingua, il tipo di browser o la configurazione regionale da cui si accede al servizio.<\/p> <p>Cookie analitici: cookie utilizzati per tracciare e analizzare il comportamento degli utenti. Questo tipo di cookie ci permette di misurare l&#8217;attivit\u00e0 sul Sito Web e\/o sull&#8217;Applicazione attraverso informazioni aggregate o statistiche sulle abitudini di navigazione. In questa applicazione vengono utilizzati cookie analitici, alcuni dei quali sono forniti dallo strumento Google Analytics (<a href=\"https:\/\/www.google.com\/intl\/es_es\/policies\/technologies\/cookies\/\" target=\"_blank\" rel=\"noreferrer noopener\">https:\/\/www.google.com\/intl\/es_es\/policies\/technologies\/cookies\/<\/a>).<\/p> <\/li><li> <h3>Chi usa i cookie?<\/h3> <p>Le informazioni che vengono raccolte attraverso i cookies scaricati dal dominio gestito dalla SOCIET\u00c0, sono utilizzate dalla SOCIET\u00c0 e da Google Inc. come fornitore dei servizi di analisi.<\/p> <p>Vimeo, Inc. accede alle informazioni raccolte attraverso i cookie gestiti dai loro domini. Per maggiori informazioni si raccomanda di accedere ai link forniti a questo scopo.<\/p> <\/li><li> <h3>Come puoi gestire i cookie?<\/h3> <p>Quando l&#8217;utente accede per la prima volta al Sito Web e\/o all&#8217;Applicazione viene informato dell&#8217;esistenza dei cookies e della presente Politica dei Cookies. Se continua la navigazione, si intende che acconsente all&#8217;installazione dei cookie informati.<\/p> <p>Successivamente, l&#8217;utente potr\u00e0 consultare la presente Politica dal link abilitato a tale scopo. Se desidera ritirare il consenso in qualsiasi momento in relazione ai cookie del Sito e\/o dell&#8217;Applicazione, deve cancellare i cookie memorizzati sul suo terminale e disinstallare l&#8217;Applicazione \/ modificare la configurazione del suo browser Internet. Tuttavia, la informiamo che se impedisce l&#8217;installazione o cancella i cookie, alcune funzioni, servizi e contenuti del Sito web e\/o dell&#8217;Applicazione potrebbero essere compromessi.<\/p> <p>I browser Internet consentono di visualizzare, disattivare, limitare, bloccare o eliminare i cookie. Ecco come \u00e8 possibile configurare i cookie nei principali browser, anche se le consigliamo di consultare il supporto o l&#8217;aiuto del suo browser per ottenere informazioni dettagliate e aggiornate a seconda della versione del suo browser e del terminale utilizzato.<\/p> <ul><li>Internet Explorer versione 7 e 8 <a href=\"http:\/\/windows.microsoft.com\/es-ES\/windows-vista\/Block-or-allow-cookies\" target=\"_blank\" rel=\"noreferrer noopener\">http:\/\/windows.microsoft.com\/es-ES\/windows-vista\/Block-or-allow-cookies<\/a><\/li><li>Internet Explorer versione 9 <a href=\"http:\/\/windows.microsoft.com\/es-ES\/windows7\/How-to-manage-cookies-in-Internet-Explorer-9\" target=\"_blank\" rel=\"noreferrer noopener\">http:\/\/windows.microsoft.com\/es-ES\/windows7\/How-to-manage-cookies-in-Internet-Explorer-9<\/a><\/li><li>Safari &#x2122; (iPhone, iPad, Mac e altri dispositivi Apple) <a href=\"http:\/\/support.apple.com\/kb\/PH5042?viewlocale=es_ES http:\/\/support.apple.com\/kb\/HT1677?viewlocale=es_ES\" target=\"_blank\" rel=\"noreferrer noopener\">http:\/\/support.apple.com\/kb\/PH5042?viewlocale=es_ES <\/a><a href=\"http:\/\/support.apple.com\/kb\/HT1677?viewlocale=es_ES\">http:\/\/support.apple.com\/kb\/HT1677?viewlocale=es_ES<\/a><\/li><li>Google&#x2122; <a href=\"https:\/\/support.google.com\/chrome\/answer\/95647?hl=es&amp;hlrm=en\" target=\"_blank\" rel=\"noreferrer noopener\">https:\/\/support.google.com\/chrome\/answer\/95647?hl=es&amp;hlrm=en<\/a><\/li><li>Firefox&#x2122; <a href=\"http:\/\/support.mozilla.org\/es\/kb\/cookies-informacion-que-los-sitios-web-guardan-en-?redirectlocale=en-US&amp;redirectslug=Cookies\" target=\"_blank\" rel=\"noreferrer noopener\">http:\/\/support.mozilla.org\/es\/kb\/cookies-informacion-que-los-sitios-web-guardan-en-?redirectlocale=en-US&amp;redirectslug=Cookies<\/a><\/li><li>Opera&#x2122; <a href=\"http:\/\/help.opera.com\/Windows\/11.50\/es-ES\/cookies.html\" target=\"_blank\" rel=\"noreferrer noopener\">http:\/\/help.opera.com\/Windows\/11.50\/es-ES\/cookies.html<\/a><\/li><li>Android <a href=\"http:\/\/support.google.com\/android\/?hl=es\" target=\"_blank\" rel=\"noreferrer noopener\">http:\/\/support.google.com\/android\/?hl=es<\/a><\/li><li>Windows Phone <a href=\"http:\/\/www.windowsphone.com\/es-ES\/how-to\/wp7\/web\/changing-privacy-and-other-browser-settings\" target=\"_blank\" rel=\"noreferrer noopener\">http:\/\/www.windowsphone.com\/es-ES\/how-to\/wp7\/web\/changing-privacy-and-other-browser-settings<\/a><\/li><li>Blackberry <a href=\"http:\/\/docs.blackberry.com\/en\/smartphone_users\/deliverables\/18578\/Turn_off_cookies_in_the_browser_60_1072866_11.jsp\" target=\"_blank\" rel=\"noreferrer noopener\">http:\/\/docs.blackberry.com\/en\/smartphone_users\/deliverables\/18578\/Turn_off_cookies_in_the_browser_60_1072866_11.jsp<\/a><br> <p>Inoltre, la informiamo che alcuni browser permettono di attivare una modalit\u00e0 di navigazione privata o in incognito, in base alla quale i cookie vengono installati nel terminale ma vengono automaticamente cancellati al termine della sessione di navigazione.<\/p> <\/li><\/ul><\/li><\/ol>\n","protected":false},"excerpt":{"rendered":"<p>Cosa sono i cookies? Un cookie \u00e8 un piccolo file che viene scaricato sul tuo terminale o dispositivo (sia esso un computer, uno smartphone o un tablet) quando accedi a una pagina web o usi un&#8217;applicazione che permette al proprietario della pagina di memorizzare o recuperare informazioni su aspetti della tua navigazione. Dall&#8217;AZIENDA vogliamo offrirti [&hellip;]<\/p>\n","protected":false},"author":19,"featured_media":0,"parent":124052,"menu_order":0,"comment_status":"closed","ping_status":"closed","template":"","meta":{"inline_featured_image":false},"yoast_head":"<!-- This site is optimized with the Yoast SEO plugin v18.5.1 - https:\/\/yoast.com\/wordpress\/plugins\/seo\/ -->\n<title>Politica dei cookie &ndash; Zity<\/title>\n<meta name=\"robots\" content=\"index, follow, max-snippet:-1, max-image-preview:large, max-video-preview:-1\" \/>\n<link rel=\"canonical\" href=\"https:\/\/zity.eco\/it\/documenti-legali\/politica-dei-cookie\/\" \/>\n<meta property=\"og:locale\" content=\"it_IT\" \/>\n<meta property=\"og:type\" content=\"article\" \/>\n<meta property=\"og:title\" content=\"Politica dei cookie &ndash; Zity\" \/>\n<meta property=\"og:description\" content=\"Cosa sono i cookies? Un cookie \u00e8 un piccolo file che viene scaricato sul tuo terminale o dispositivo (sia esso un computer, uno smartphone o un tablet) quando accedi a una pagina web o usi un&#8217;applicazione che permette al proprietario della pagina di memorizzare o recuperare informazioni su aspetti della tua navigazione. Dall&#8217;AZIENDA vogliamo offrirti [&hellip;]\" \/>\n<meta property=\"og:url\" content=\"https:\/\/zity.eco\/it\/documenti-legali\/politica-dei-cookie\/\" \/>\n<meta property=\"og:site_name\" content=\"Zity\" \/>\n<meta property=\"article:modified_time\" content=\"2022-05-23T11:14:44+00:00\" \/>\n<meta name=\"twitter:card\" content=\"summary_large_image\" \/>\n<meta name=\"twitter:label1\" content=\"Tempo di lettura stimato\" \/>\n\t<meta name=\"twitter:data1\" content=\"4 minuti\" \/>\n<script type=\"application\/ld+json\" class=\"yoast-schema-graph\">{\"@context\":\"https:\/\/schema.org\",\"@graph\":[{\"@type\":\"WebSite\",\"@id\":\"https:\/\/zity.eco\/#website\",\"url\":\"https:\/\/zity.eco\/\",\"name\":\"Zity\",\"description\":\"\",\"potentialAction\":[{\"@type\":\"SearchAction\",\"target\":{\"@type\":\"EntryPoint\",\"urlTemplate\":\"https:\/\/zity.eco\/?s={search_term_string}\"},\"query-input\":\"required name=search_term_string\"}],\"inLanguage\":\"it-IT\"},{\"@type\":\"WebPage\",\"@id\":\"https:\/\/zity.eco\/it\/documenti-legali\/politica-dei-cookie\/#webpage\",\"url\":\"https:\/\/zity.eco\/it\/documenti-legali\/politica-dei-cookie\/\",\"name\":\"Politica dei cookie &ndash; Zity\",\"isPartOf\":{\"@id\":\"https:\/\/zity.eco\/#website\"},\"datePublished\":\"2022-05-23T11:11:59+00:00\",\"dateModified\":\"2022-05-23T11:14:44+00:00\",\"breadcrumb\":{\"@id\":\"https:\/\/zity.eco\/it\/documenti-legali\/politica-dei-cookie\/#breadcrumb\"},\"inLanguage\":\"it-IT\",\"potentialAction\":[{\"@type\":\"ReadAction\",\"target\":[\"https:\/\/zity.eco\/it\/documenti-legali\/politica-dei-cookie\/\"]}]},{\"@type\":\"BreadcrumbList\",\"@id\":\"https:\/\/zity.eco\/it\/documenti-legali\/politica-dei-cookie\/#breadcrumb\",\"itemListElement\":[{\"@type\":\"ListItem\",\"position\":1,\"name\":\"Portada\",\"item\":\"https:\/\/zity.eco\/it\/\"},{\"@type\":\"ListItem\",\"position\":2,\"name\":\"Documenti legali\",\"item\":\"https:\/\/zity.eco\/it\/documenti-legali\/\"},{\"@type\":\"ListItem\",\"position\":3,\"name\":\"Politica dei cookie\"}]}]}<\/script>\n<!-- \/ Yoast SEO plugin. -->","yoast_head_json":{"title":"Politica dei cookie &ndash; Zity","robots":{"index":"index","follow":"follow","max-snippet":"max-snippet:-1","max-image-preview":"max-image-preview:large","max-video-preview":"max-video-preview:-1"},"canonical":"https:\/\/zity.eco\/it\/documenti-legali\/politica-dei-cookie\/","og_locale":"it_IT","og_type":"article","og_title":"Politica dei cookie &ndash; Zity","og_description":"Cosa sono i cookies? Un cookie \u00e8 un piccolo file che viene scaricato sul tuo terminale o dispositivo (sia esso un computer, uno smartphone o un tablet) quando accedi a una pagina web o usi un&#8217;applicazione che permette al proprietario della pagina di memorizzare o recuperare informazioni su aspetti della tua navigazione. Dall&#8217;AZIENDA vogliamo offrirti [&hellip;]","og_url":"https:\/\/zity.eco\/it\/documenti-legali\/politica-dei-cookie\/","og_site_name":"Zity","article_modified_time":"2022-05-23T11:14:44+00:00","twitter_card":"summary_large_image","twitter_misc":{"Tempo di lettura stimato":"4 minuti"},"schema":{"@context":"https:\/\/schema.org","@graph":[{"@type":"WebSite","@id":"https:\/\/zity.eco\/#website","url":"https:\/\/zity.eco\/","name":"Zity","description":"","potentialAction":[{"@type":"SearchAction","target":{"@type":"EntryPoint","urlTemplate":"https:\/\/zity.eco\/?s={search_term_string}"},"query-input":"required name=search_term_string"}],"inLanguage":"it-IT"},{"@type":"WebPage","@id":"https:\/\/zity.eco\/it\/documenti-legali\/politica-dei-cookie\/#webpage","url":"https:\/\/zity.eco\/it\/documenti-legali\/politica-dei-cookie\/","name":"Politica dei cookie &ndash; Zity","isPartOf":{"@id":"https:\/\/zity.eco\/#website"},"datePublished":"2022-05-23T11:11:59+00:00","dateModified":"2022-05-23T11:14:44+00:00","breadcrumb":{"@id":"https:\/\/zity.eco\/it\/documenti-legali\/politica-dei-cookie\/#breadcrumb"},"inLanguage":"it-IT","potentialAction":[{"@type":"ReadAction","target":["https:\/\/zity.eco\/it\/documenti-legali\/politica-dei-cookie\/"]}]},{"@type":"BreadcrumbList","@id":"https:\/\/zity.eco\/it\/documenti-legali\/politica-dei-cookie\/#breadcrumb","itemListElement":[{"@type":"ListItem","position":1,"name":"Portada","item":"https:\/\/zity.eco\/it\/"},{"@type":"ListItem","position":2,"name":"Documenti legali","item":"https:\/\/zity.eco\/it\/documenti-legali\/"},{"@type":"ListItem","position":3,"name":"Politica dei cookie"}]}]}},"_links":{"self":[{"href":"https:\/\/zity.eco\/it\/wp-json\/wp\/v2\/pages\/124055"}],"collection":[{"href":"https:\/\/zity.eco\/it\/wp-json\/wp\/v2\/pages"}],"about":[{"href":"https:\/\/zity.eco\/it\/wp-json\/wp\/v2\/types\/page"}],"author":[{"embeddable":true,"href":"https:\/\/zity.eco\/it\/wp-json\/wp\/v2\/users\/19"}],"replies":[{"embeddable":true,"href":"https:\/\/zity.eco\/it\/wp-json\/wp\/v2\/comments?post=124055"}],"version-history":[{"count":4,"href":"https:\/\/zity.eco\/it\/wp-json\/wp\/v2\/pages\/124055\/revisions"}],"predecessor-version":[{"id":124073,"href":"https:\/\/zity.eco\/it\/wp-json\/wp\/v2\/pages\/124055\/revisions\/124073"}],"up":[{"embeddable":true,"href":"https:\/\/zity.eco\/it\/wp-json\/wp\/v2\/pages\/124052"}],"wp:attachment":[{"href":"https:\/\/zity.eco\/it\/wp-json\/wp\/v2\/media?parent=124055"}],"curies":[{"name":"wp","href":"https:\/\/api.w.org\/{rel}","templated":true}]}}