{"id":85487,"date":"2020-03-29T21:26:02","date_gmt":"2020-03-29T19:26:02","guid":{"rendered":"https:\/\/zity.eco\/?page_id=85487"},"modified":"2021-12-16T16:24:39","modified_gmt":"2021-12-16T15:24:39","slug":"platf-politique-relative-aux-cookies","status":"publish","type":"page","link":"https:\/\/zity.eco\/fr\/documents-legaux\/platf-politique-relative-aux-cookies\/","title":{"rendered":"Politique relative aux Cookies"},"content":{"rendered":"<p>Pour acc\u00e9der en permanence \u00e0 la plateforme de gestion des cookies, cliquez <a href=\"#\"><span data-href=\"#moove_gdpr_cookie_modal\" class=\"change-settings-button\">ici<\/span><\/a>.<\/p>\n<ol>\n<li>\n<h3>Que sont les cookies ?<\/h3>\n<p>Un cookie est un fichier de petite taille qui se t\u00e9l\u00e9charge sur votre terminal (ordinateur, smartphone ou tablette) lorsque vous acc\u00e9dez \u00e0 une page web ou lorsque vous utilisez une application qui autorise son administrateur \u00e0 r\u00e9cup\u00e9rer des informations concernant certains aspects de votre navigation.<\/p>\n<p>Chez CARSHARING AND MOBILITY SERVICES FRANCE, dont le si\u00e8ge est situ\u00e9 au 22, rue Yves Kermen, 92100 Boulogne (ci-apr\u00e8s d\u00e9nomm\u00e9e \u201cLA SOCI\u00c9T\u00c9\u201d), dont le si\u00e8ge est situ\u00e9 au 22, rue Yves Kermen, 92100 Boulogne (ci-apr\u00e8s d\u00e9nomm\u00e9e \u201cLA SOCI\u00c9T\u00c9\u201d) nous souhaitons vous informer clairement \u00e0 propos de l\u2019utilisation des cookies utilis\u00e9s sur le site internet et\/ou l\u2019application, afin que vous soyez en pleine capacit\u00e9 de d\u00e9cider de votre utilisation de ces derniers et de la protection de votre vie priv\u00e9e.<\/li>\n<li>\n<h3>Quels types de cookies utilisons-nous ?<\/h3>\n<p>Nous utilisons des cookies pour permettre, personnaliser et analyser votre navigation afin d\u2019am\u00e9liorer la qualit\u00e9 des services que nous vous proposons. <a href=\"#\"><span data-href=\"#moove_gdpr_cookie_modal\" class=\"change-settings-button\">Ils vous sont d\u00e9taill\u00e9s sur la plateforme de gestion des cookies<\/span><\/a>.<\/p>\n<p>Les cookies sont class\u00e9s en diverses cat\u00e9gories, bien qu\u2019un cookie puisse appartenir \u00e0 plusieurs cat\u00e9gories:<\/p>\n<ul>\n<li><strong>Cookies de session:<\/strong> cookies temporaires qui ne sont pas stock\u00e9s sur votre terminal ; ceux-ci disparaissent lorsque la session se termine.<\/li>\n<li><strong>Cookies persistants: <\/strong>cookies qui permettent la r\u00e9tention de donn\u00e9es sur votre terminal. Ces donn\u00e9es peuvent \u00eatre exploit\u00e9es une fois votre session termin\u00e9e.<\/li>\n<li><strong>Cookies internes: <\/strong> cookies d\u00e9pos\u00e9s sur votre terminal depuis notre application, bien que certains soient fournis par l\u2019outil Google Analytics.<\/li>\n<li><strong>Cookies tiers:<\/strong> cookies d\u00e9pos\u00e9s sur votre terminal depuis un domaine qui n\u2019est pas g\u00e9r\u00e9 par LA SOCI\u00c9T\u00c9 mais par une autre entit\u00e9 qui traite la donn\u00e9e obtenue via les cookies. Afin d\u2019autoriser certaines fonctionnalit\u00e9s, nous utilisons des cookies mis en place par les services suivants :\n<ul>\n<li>Facebook Pixel (<a href=\"https:\/\/developers.facebook.com\/docs\/facebook-pixel\/implementation\/gdpr\" target=\"_blank\" rel=\"noopener\">https:\/\/developers.facebook.com\/docs\/facebook-pixel\/implementation\/gdpr)<\/a> \u2013 gestion des publicit\u00e9s Facebook et un outil de segmentation et d\u2019analyse marketing;<\/li>\n<li>Paypal (<a href=\"https:\/\/www.paypal.com\/es\/webapps\/mpp\/ua\/cookie-full\" target=\"_blank\" rel=\"noopener\">https:\/\/www.paypal.com\/es\/webapps\/mpp\/ua\/cookie-full<\/a>) \u2013 cookie permettant le service de paiement rapide ; LA SOCI\u00c9T\u00c9 n\u2019a pas acc\u00e8s aux donn\u00e9es issues de ce cookie;<\/li>\n<li>Google tag manager (<a href=\"https:\/\/policies.google.com\/technologies\/cookies?hl=es&amp;gl=es\" target=\"_blank\" rel=\"noopener\">https:\/\/policies.google.com\/technologies\/cookies?hl=es&amp;gl=es<\/a>) \u2013 gestionnaire de tag de Google utilis\u00e9 par les services de marketing pour cr\u00e9er des \u00e9v\u00e8nements sur la base de d\u00e9clencheurs ;<\/li>\n<li>Google Analytics (<a href=\"https:\/\/policies.google.com\/technologies\/cookies?hl=es&amp;gl=es\" target=\"_blank\" rel=\"noopener\">https:\/\/policies.google.com\/technologies\/cookies?hl=es&amp;gl=es<\/a>) \u2013 collecte des donn\u00e9es de comportement des utilisateurs \u00e0 travers des tags et les repr\u00e9sente de mani\u00e8re graphique \u00e0 des fins d\u2019analyse;<\/li>\n<li>Doubleclick.net (<a href=\"https:\/\/policies.google.com\/technologies\/cookies?hl=es&amp;gl=es\" target=\"_blank\" rel=\"noopener\">https:\/\/policies.google.com\/technologies\/cookies?hl=es&amp;gl=es<\/a>) \u2013 gestionnaire de publicit\u00e9s pour les annonces publi\u00e9es dans Google Adsense. Google Adsense est une plateforme de Google qui permet l\u2019affichage des publicit\u00e9s de mani\u00e8re cibl\u00e9e sur la base des centres d\u2019int\u00e9r\u00eat de chaque audience.<\/li>\n<\/ul>\n<\/li>\n<li><strong>Cookies techniques:<\/strong> cookies permettant la navigation sur le site internet et \/ ou l\u2019application ainsi que l\u2019utilisation de leurs options ou services tels que le contr\u00f4le du trafic et la communication de donn\u00e9es, l\u2019identification de sessions, l\u2019acc\u00e8s \u00e0 des zones restreintes ou l\u2019utilisation d\u2019\u00e9l\u00e9ments de s\u00e9curit\u00e9 pendant la navigation.<\/li>\n<li><strong>Cookies de personnalisation:<\/strong> cookies qui vous permettent d\u2019acc\u00e9der au site internet et \/ ou \u00e0 l\u2019application avec des fonctionnalit\u00e9s pr\u00e9d\u00e9finies sur la base de crit\u00e8res comme la langue, le type de navigateur ou la configuration r\u00e9gionale de votre point d\u2019acc\u00e8s.<\/li>\n<li><strong>Cookies analytiques:<\/strong> cookies utilis\u00e9s pour suivre et analyser le comportement des utilisateurs. Ce type de cookies nous permet de mesurer l\u2019activit\u00e9 sur le site internet et \/ ou l\u2019application \u00e0 travers des agr\u00e9gats ou des statistiques sur les habitudes de navigationet ainsi d\u2019am\u00e9liorer nos services. Certains de ces cookies sont fournis par l\u2019outil Google Analytics.(<a href=\"https:\/\/policies.google.com\/technologies\/cookies\" target=\"_blank\" rel=\"noopener\">https:\/\/policies.google.com\/technologies\/cookies<\/a>).<\/li>\n<\/ul>\n<\/li>\n<li>\n<h3>Qui utilise les cookies ?<\/h3>\n<p>Les informations collect\u00e9es \u00e0 travers les cookies d\u00e9pos\u00e9s depuis le domaine g\u00e9r\u00e9 par LA SOCI\u00c9T\u00c9 sont utilis\u00e9es par LA SOCI\u00c9T\u00c9 et par les tierces parties identifi\u00e9es <a href=\"#\"><span data-href=\"#moove_gdpr_cookie_modal\" class=\"change-settings-button\">sur la plateforme de gestion des cookies<\/span><\/a>.<\/p>\n<p>Vous pouvez obtenir des informations concernant les transferts internationaux de donn\u00e9es op\u00e9r\u00e9s par ces tierces parties identifi\u00e9es au paragraphe pr\u00e9c\u00e9dent en consultant leurs politiques de confidentialit\u00e9 (voir les liens fournis sur la m\u00eame page).<\/li>\n<li>\n<h3>Comment pouvez-vous g\u00e9rer vos cookies ?<\/h3>\n<p>Lorsque vous acc\u00e9dez au site web et \/ ou \u00e0 l\u2019application pour la premi\u00e8re fois, vous \u00eates inform\u00e9s de l\u2019existence de cookies et de notre politique de cookies. Vous pouvez accepter tous les cookies en cliquant sur TOUT ACCEPTER sur la banni\u00e8re d\u2019information les rejeter en cliquant sur TOUT REFUSER, ou configurer vos pr\u00e9f\u00e9rences de cookies en cliquant sur le lien <a href=\"#\"><span class=\"change-settings-button\" data-href=\"#moove_gdpr_cookie_modal\">CONFIGURE<\/span><\/a>.<\/p>\n<p>Vous pouvez retirer votre consentement au sujet des cookies du site web et \/ ou de l\u2019application \u00e0 tout moment en acc\u00e9dant \u00e0 <a href=\"#\"><span class=\"change-settings-button\" data-href=\"#moove_gdpr_cookie_modal\">la plateforme de gestion des cookies<\/span><\/a> ou en supprimant les cookies stock\u00e9s sur votre terminal puis en d\u00e9sinstallant l\u2019application ou bien en modifiant la configuration de votre navigateur. Toutefois nous vous informons que si vous emp\u00eachez l\u2019installation des cookies ou si vous les supprimez depuis votre navigateur, certains contenus, fonctionnalit\u00e9s et services du site web et \/ ou de l\u2019application pourraient \u00eatre affect\u00e9s car nous utilisons certains cookies \u00e9galement pr\u00e9sent\u00e9s <a href=\"#\"><span class=\"change-settings-button\" data-href=\"#moove_gdpr_cookie_modal\">sur la plateforme de gestion des cookies<\/span><\/a>, non soumis \u00e0 votre consentement, qui sont n\u00e9cessaires \u00e0 leur fonctionnement.<\/p>\n<p>Pour tout ce qui concerne vos droits au titre des mesures de protection des donn\u00e9es personnelles, veuillez vous r\u00e9f\u00e9rer \u00e0 notre <a href=\"https:\/\/cdn.zityhub.eco\/Platform_Privacy_Policy_FRA_20210225.pdf\" target=\"_blank\" rel=\"noopener\">Politique de confidentialit\u00e9<\/a>.<\/p>\n<p>Une fois que vous avez accept\u00e9 l\u2019installation de cookies sur votre terminal, les donn\u00e9es issues de l\u2019utilisation de ces cookies seront retenues par LA SOCI\u00c9T\u00c9 pour les finalit\u00e9s indiqu\u00e9es sur la plateforme de gestion du consentement.<\/p>\n<p>Les navigateurs internet vous permettent de voir, d\u00e9sactiver, restreindre, bloquer ou supprimer des cookies. Voici comment vous pouvez configurer les cookies sur les principaux navigateurs, bien que nous vous recommandions de consulter la rubrique Support ou Aide de votre navigateur pour obtenir les informations les plus r\u00e9centes et d\u00e9taill\u00e9es selon votre version et votre terminal.<\/p>\n<ul>\n<li>Internet Explorer<a href=\"https:\/\/support.microsoft.com\/fr-fr\/topic\/supprimer-et-g%C3%A9rer-les-cookies-168dab11-0753-043d-7c16-ede5947fc64d\" target=\"_blank\" rel=\"noopener noreferrer\">https:\/\/support.microsoft.com\/fr-fr\/topic\/supprimer-et-g%C3%A9rer-les-cookies-168dab11-0753-043d-7c16-ede5947fc64d<\/a><\/li>\n<li>Safari &#x2122; (iPhone, iPad, Mac et autres produits Apple) <a href=\"https:\/\/support.apple.com\/fr-fr\/guide\/safari\/sfri11471\/mac\" target=\"_blank\" rel=\"noopener noreferrer\">https:\/\/support.apple.com\/fr-fr\/guide\/safari\/sfri11471\/mac<\/a><a href=\"https:\/\/support.apple.com\/fr-fr\/HT201265\" target=\"_blank\" rel=\"noopener noreferrer\">https:\/\/support.apple.com\/fr-fr\/HT201265<\/a><\/li>\n<li>Google&#x2122; <a href=\"https:\/\/support.google.com\/chrome\/answer\/95647?hl=fr&amp;%3Bhlrm=en\" target=\"_blank\" rel=\"noopener noreferrer\">https:\/\/support.google.com\/chrome\/answer\/95647?hl=fr&amp;%3Bhlrm=en<\/a><\/li>\n<li>Firefox&#x2122; <a href=\"https:\/\/support.mozilla.org\/fr\/kb\/cookies-informations-sites-enregistrent?redirectslug=Cookies&amp;redirectlocale=en-US\" target=\"_blank\" rel=\"noopener noreferrer\">https:\/\/support.mozilla.org\/fr\/kb\/cookies-informations-sites-enregistrent?redirectslug=Cookies&amp;redirectlocale=en-US<\/a><\/li>\n<li>Opera&#x2122; <a href=\"https:\/\/help.opera.com\/en\/latest\/web-preferences\/#cookies\" target=\"_blank\" rel=\"noopener noreferrer\">https:\/\/help.opera.com\/en\/latest\/web-preferences\/#cookies<\/a><\/li>\n<\/ul>\n<p>Nous vous informons par ailleurs que certains navigateurs vous permettent d\u2019activer un mode priv\u00e9 ou incognito. Ces modes permettent l\u2019installation de cookies sur votre terminal pendant votre navigation mais ceux-ci sont automatiquement supprim\u00e9s lorsque votre session prend fin<\/li>\n<\/ol>\n","protected":false},"excerpt":{"rendered":"<p>Pour acc\u00e9der en permanence \u00e0 la plateforme de gestion des cookies, cliquez ici. Que sont les cookies ? Un cookie est un fichier de petite taille qui se t\u00e9l\u00e9charge sur votre terminal (ordinateur, smartphone ou tablette) lorsque vous acc\u00e9dez \u00e0 une page web ou lorsque vous utilisez une application qui autorise son administrateur \u00e0 r\u00e9cup\u00e9rer [&hellip;]<\/p>\n","protected":false},"author":19,"featured_media":0,"parent":82925,"menu_order":0,"comment_status":"closed","ping_status":"closed","template":"","meta":{"inline_featured_image":false},"yoast_head":"<!-- This site is optimized with the Yoast SEO plugin v18.5.1 - https:\/\/yoast.com\/wordpress\/plugins\/seo\/ -->\n<title>Politique relative aux Cookies &ndash; Zity<\/title>\n<meta name=\"robots\" content=\"index, follow, max-snippet:-1, max-image-preview:large, max-video-preview:-1\" \/>\n<link rel=\"canonical\" href=\"https:\/\/zity.eco\/fr\/documents-legaux\/platf-politique-relative-aux-cookies\/\" \/>\n<meta property=\"og:locale\" content=\"fr_FR\" \/>\n<meta property=\"og:type\" content=\"article\" \/>\n<meta property=\"og:title\" content=\"Politique relative aux Cookies &ndash; Zity\" \/>\n<meta property=\"og:description\" content=\"Pour acc\u00e9der en permanence \u00e0 la plateforme de gestion des cookies, cliquez ici. Que sont les cookies ? Un cookie est un fichier de petite taille qui se t\u00e9l\u00e9charge sur votre terminal (ordinateur, smartphone ou tablette) lorsque vous acc\u00e9dez \u00e0 une page web ou lorsque vous utilisez une application qui autorise son administrateur \u00e0 r\u00e9cup\u00e9rer [&hellip;]\" \/>\n<meta property=\"og:url\" content=\"https:\/\/zity.eco\/fr\/documents-legaux\/platf-politique-relative-aux-cookies\/\" \/>\n<meta property=\"og:site_name\" content=\"Zity\" \/>\n<meta property=\"article:modified_time\" content=\"2021-12-16T15:24:39+00:00\" \/>\n<meta name=\"twitter:card\" content=\"summary_large_image\" \/>\n<meta name=\"twitter:label1\" content=\"Dur\u00e9e de lecture estim\u00e9e\" \/>\n\t<meta name=\"twitter:data1\" content=\"5 minutes\" \/>\n<script type=\"application\/ld+json\" class=\"yoast-schema-graph\">{\"@context\":\"https:\/\/schema.org\",\"@graph\":[{\"@type\":\"WebSite\",\"@id\":\"https:\/\/zity.eco\/#website\",\"url\":\"https:\/\/zity.eco\/\",\"name\":\"Zity\",\"description\":\"\",\"potentialAction\":[{\"@type\":\"SearchAction\",\"target\":{\"@type\":\"EntryPoint\",\"urlTemplate\":\"https:\/\/zity.eco\/?s={search_term_string}\"},\"query-input\":\"required name=search_term_string\"}],\"inLanguage\":\"fr-FR\"},{\"@type\":\"WebPage\",\"@id\":\"https:\/\/zity.eco\/fr\/documents-legaux\/platf-politique-relative-aux-cookies\/#webpage\",\"url\":\"https:\/\/zity.eco\/fr\/documents-legaux\/platf-politique-relative-aux-cookies\/\",\"name\":\"Politique relative aux Cookies &ndash; Zity\",\"isPartOf\":{\"@id\":\"https:\/\/zity.eco\/#website\"},\"datePublished\":\"2020-03-29T19:26:02+00:00\",\"dateModified\":\"2021-12-16T15:24:39+00:00\",\"breadcrumb\":{\"@id\":\"https:\/\/zity.eco\/fr\/documents-legaux\/platf-politique-relative-aux-cookies\/#breadcrumb\"},\"inLanguage\":\"fr-FR\",\"potentialAction\":[{\"@type\":\"ReadAction\",\"target\":[\"https:\/\/zity.eco\/fr\/documents-legaux\/platf-politique-relative-aux-cookies\/\"]}]},{\"@type\":\"BreadcrumbList\",\"@id\":\"https:\/\/zity.eco\/fr\/documents-legaux\/platf-politique-relative-aux-cookies\/#breadcrumb\",\"itemListElement\":[{\"@type\":\"ListItem\",\"position\":1,\"name\":\"Portada\",\"item\":\"https:\/\/zity.eco\/fr\/\"},{\"@type\":\"ListItem\",\"position\":2,\"name\":\"Documents L\u00e9gaux\",\"item\":\"https:\/\/zity.eco\/fr\/documents-legaux\/\"},{\"@type\":\"ListItem\",\"position\":3,\"name\":\"Politique relative aux Cookies\"}]}]}<\/script>\n<!-- \/ Yoast SEO plugin. -->","yoast_head_json":{"title":"Politique relative aux Cookies &ndash; Zity","robots":{"index":"index","follow":"follow","max-snippet":"max-snippet:-1","max-image-preview":"max-image-preview:large","max-video-preview":"max-video-preview:-1"},"canonical":"https:\/\/zity.eco\/fr\/documents-legaux\/platf-politique-relative-aux-cookies\/","og_locale":"fr_FR","og_type":"article","og_title":"Politique relative aux Cookies &ndash; Zity","og_description":"Pour acc\u00e9der en permanence \u00e0 la plateforme de gestion des cookies, cliquez ici. Que sont les cookies ? Un cookie est un fichier de petite taille qui se t\u00e9l\u00e9charge sur votre terminal (ordinateur, smartphone ou tablette) lorsque vous acc\u00e9dez \u00e0 une page web ou lorsque vous utilisez une application qui autorise son administrateur \u00e0 r\u00e9cup\u00e9rer [&hellip;]","og_url":"https:\/\/zity.eco\/fr\/documents-legaux\/platf-politique-relative-aux-cookies\/","og_site_name":"Zity","article_modified_time":"2021-12-16T15:24:39+00:00","twitter_card":"summary_large_image","twitter_misc":{"Dur\u00e9e de lecture estim\u00e9e":"5 minutes"},"schema":{"@context":"https:\/\/schema.org","@graph":[{"@type":"WebSite","@id":"https:\/\/zity.eco\/#website","url":"https:\/\/zity.eco\/","name":"Zity","description":"","potentialAction":[{"@type":"SearchAction","target":{"@type":"EntryPoint","urlTemplate":"https:\/\/zity.eco\/?s={search_term_string}"},"query-input":"required name=search_term_string"}],"inLanguage":"fr-FR"},{"@type":"WebPage","@id":"https:\/\/zity.eco\/fr\/documents-legaux\/platf-politique-relative-aux-cookies\/#webpage","url":"https:\/\/zity.eco\/fr\/documents-legaux\/platf-politique-relative-aux-cookies\/","name":"Politique relative aux Cookies &ndash; Zity","isPartOf":{"@id":"https:\/\/zity.eco\/#website"},"datePublished":"2020-03-29T19:26:02+00:00","dateModified":"2021-12-16T15:24:39+00:00","breadcrumb":{"@id":"https:\/\/zity.eco\/fr\/documents-legaux\/platf-politique-relative-aux-cookies\/#breadcrumb"},"inLanguage":"fr-FR","potentialAction":[{"@type":"ReadAction","target":["https:\/\/zity.eco\/fr\/documents-legaux\/platf-politique-relative-aux-cookies\/"]}]},{"@type":"BreadcrumbList","@id":"https:\/\/zity.eco\/fr\/documents-legaux\/platf-politique-relative-aux-cookies\/#breadcrumb","itemListElement":[{"@type":"ListItem","position":1,"name":"Portada","item":"https:\/\/zity.eco\/fr\/"},{"@type":"ListItem","position":2,"name":"Documents L\u00e9gaux","item":"https:\/\/zity.eco\/fr\/documents-legaux\/"},{"@type":"ListItem","position":3,"name":"Politique relative aux Cookies"}]}]}},"_links":{"self":[{"href":"https:\/\/zity.eco\/fr\/wp-json\/wp\/v2\/pages\/85487"}],"collection":[{"href":"https:\/\/zity.eco\/fr\/wp-json\/wp\/v2\/pages"}],"about":[{"href":"https:\/\/zity.eco\/fr\/wp-json\/wp\/v2\/types\/page"}],"author":[{"embeddable":true,"href":"https:\/\/zity.eco\/fr\/wp-json\/wp\/v2\/users\/19"}],"replies":[{"embeddable":true,"href":"https:\/\/zity.eco\/fr\/wp-json\/wp\/v2\/comments?post=85487"}],"version-history":[{"count":6,"href":"https:\/\/zity.eco\/fr\/wp-json\/wp\/v2\/pages\/85487\/revisions"}],"predecessor-version":[{"id":124057,"href":"https:\/\/zity.eco\/fr\/wp-json\/wp\/v2\/pages\/85487\/revisions\/124057"}],"up":[{"embeddable":true,"href":"https:\/\/zity.eco\/fr\/wp-json\/wp\/v2\/pages\/82925"}],"wp:attachment":[{"href":"https:\/\/zity.eco\/fr\/wp-json\/wp\/v2\/media?parent=85487"}],"curies":[{"name":"wp","href":"https:\/\/api.w.org\/{rel}","templated":true}]}}