{"id":85389,"date":"2020-03-19T19:40:47","date_gmt":"2020-03-19T18:40:47","guid":{"rendered":"https:\/\/zity.eco\/?page_id=85389"},"modified":"2020-03-23T22:06:23","modified_gmt":"2020-03-23T21:06:23","slug":"par-politique-confidentialite-20200316","status":"publish","type":"page","link":"https:\/\/zity.eco\/fr\/documents-legaux\/par-politique-confidentialite-20200316\/","title":{"rendered":"Politique Confidentialit\u00e9 Paris"},"content":{"rendered":"<p style=\"text-align: right;\"><em>Version du 16 mars, 2020\u00a0<\/em><\/p>\n<p>&nbsp;<\/p>\n<h1><span style=\"color: #001830;\">1. INFORMATIONS ESSENTIELLES<\/span><\/h1>\n<hr style=\"border-color: #83bc00; border-bottom-width: thin; border-top-width: thin;\" \/>\n<p>&nbsp;<\/p>\n<table>\n<tbody>\n<tr>\n<td width=\"20%\">Responsable du traitement<\/td>\n<td colspan=\"2\" width=\"80%\">CARSHARING MOBILITY AND SERVICES FRANCE<\/td>\n<\/tr>\n<tr>\n<td colspan=\"2\" width=\"60%\">Finalit\u00e9s<\/td>\n<td width=\"40%\">L\u00e9gitimit\u00e9<\/td>\n<\/tr>\n<tr>\n<td rowspan=\"6\"><strong>\u00a0<\/strong><\/td>\n<td>Gestion des Utilisateurs du Service, fourniture du Service et, de fa\u00e7on g\u00e9n\u00e9rale, gestion et d\u00e9veloppement de la relation juridique \u00e9tablie et ex\u00e9cution des obligations correspondantes<\/td>\n<td>&#8211; Ex\u00e9cution du contrat ou des obligations li\u00e9es \u00e0 la relation juridique \u00e9tablie<\/p>\n<p>&#8211; Consentement de la personne concern\u00e9e (traitement de donn\u00e9es biom\u00e9triques et de localisation)<\/td>\n<\/tr>\n<tr>\n<td>Gestion de la plateforme de service et de la passerelle de paiement<\/td>\n<td>&#8211; Ex\u00e9cution du contrat ou des obligations li\u00e9es \u00e0 la relation juridique \u00e9tablie<\/p>\n<p>&#8211; Consentement de la personne concern\u00e9e (transfert des donn\u00e9es \u00e0 destination des \u00c9tats-Unis d\u2019Am\u00e9rique<\/td>\n<\/tr>\n<tr>\n<td>Analyse et d\u00e9veloppement de projets de mobilit\u00e9<\/td>\n<td>&#8211; Consentement de la personne concern\u00e9e<\/td>\n<\/tr>\n<tr>\n<td>D\u00e9veloppement de profils et\/ou de mod\u00e8les pr\u00e9dictifs<\/td>\n<td>&#8211; Consentement de la personne concern\u00e9e<\/td>\n<\/tr>\n<tr>\n<td>Activit\u00e9s publicitaires et de prospection commerciale<\/td>\n<td>&#8211; Consentement de la personne concern\u00e9e<\/td>\n<\/tr>\n<tr>\n<td>Respect des obligations l\u00e9gales li\u00e9es au Service<\/td>\n<td>&#8211; Respect des obligations l\u00e9gales<\/td>\n<\/tr>\n<tr>\n<td>Destinataires<\/td>\n<td colspan=\"2\">Administrations publiques et autorit\u00e9s comp\u00e9tentes<\/p>\n<p>\u00c9tablissements financiers, assureurs et passerelles de paiement<\/p>\n<p>Soci\u00e9t\u00e9s du Groupe auxquels appartiennent les associ\u00e9s de la Soci\u00e9t\u00e9<\/p>\n<p>Soci\u00e9t\u00e9s tierces<\/p>\n<p>Sous-traitants charg\u00e9s du traitement situ\u00e9s aux \u00c9tats-Unis d\u2019Am\u00e9rique<\/td>\n<\/tr>\n<tr>\n<td>Droits<\/td>\n<td colspan=\"2\" width=\"441\">Droits d\u2019acc\u00e8s, de rectification et d\u2019effacement des donn\u00e9es, ainsi que les autres droits indiqu\u00e9s dans le cadre des Informations suppl\u00e9mentaires<\/td>\n<\/tr>\n<tr>\n<td>Informations suppl\u00e9mentaires<\/td>\n<td colspan=\"2\">Veuillez consulter la section contenant des Informations d\u00e9taill\u00e9es suppl\u00e9mentaires relatives \u00e0 la Protection des donn\u00e9es<\/td>\n<\/tr>\n<\/tbody>\n<\/table>\n<p>&nbsp;<\/p>\n<h1><span style=\"color: #001830;\">2. INFORMATIONS SUPPL\u00c9MENTAIRES<\/span><\/h1>\n<hr style=\"border-color: #83bc00; border-bottom-width: thin; border-top-width: thin;\" \/>\n<p>&nbsp;<\/p>\n<p>La pr\u00e9sente Politique de confidentialit\u00e9 r\u00e9git le traitement des donn\u00e9es collect\u00e9es par la Soci\u00e9t\u00e9 CAR SHARING AND MOBILITY SERVICES FRANCE (ci-apr\u00e8s d\u00e9nomm\u00e9e la \u00ab\u00a0SOCI\u00c9T\u00c9\u00a0\u00bb) par le biais de l\u2019Application, du Site Internet et\/ou dans le cadre de la fourniture, dans une zone d\u2019exploitation, du service de location de v\u00e9hicules partag\u00e9s propos\u00e9, sous r\u00e9serve de disponibilit\u00e9 de ces derniers, par la SOCI\u00c9T\u00c9 (ci-apr\u00e8s d\u00e9nomm\u00e9 le \u00ab\u00a0Service\u00a0\u00bb). La pr\u00e9sente Politique fait partie int\u00e9grale des Conditions G\u00e9n\u00e9rales d\u2019Utilisation.<\/p>\n<p>L\u2019Utilisateur garantit que les informations fournies sont exactes, compl\u00e8tes et \u00e0 jour. Il serait responsable de toute perte ou de tout dommage direct ou indirect qui pourrait r\u00e9sulter d\u2019un manquement commis au regard de cette garantie.<\/p>\n<p>S\u2019agissant des donn\u00e9es \u00e0 caract\u00e8re personnel demand\u00e9es par le biais des formulaires, l\u2019Utilisateur devra au moins fournir celles signal\u00e9es par un ast\u00e9risque. En effet, si ces donn\u00e9es consid\u00e9r\u00e9es comme n\u00e9cessaires ne sont pas fournies, la SOCI\u00c9T\u00c9 ne pourra accepter et g\u00e9rer la demande de l\u2019Utilisateur.<\/p>\n<p>&nbsp;<\/p>\n<h2><span style=\"color: #83bc00;\">Quel est le responsable du traitement des donn\u00e9es \u00e0 caract\u00e8re personnel de l\u2019utilisateur ?<\/span><\/h2>\n<p>Responsable du traitement:<strong> CAR SHARING AND MOBILITY SERVICES FRANCE<\/strong><\/p>\n<p>TVA: <strong>FR53882239296<\/strong><\/p>\n<p>Si\u00e9ge social: <strong>22, rue Yyes Kermen \u00e0 Boulogne, 92100 (France)<\/strong><\/p>\n<p>T\u00e9l\u00e9phone: <strong>(+33)<\/strong> <strong>09 88 29 06 60<\/strong><\/p>\n<p>Courriel: <strong><a href=\"mailto:bonjour@zity.eco\">bonjour@zity.eco<\/a><\/strong><\/p>\n<p>&nbsp;<\/p>\n<h2><span style=\"color: #83bc00;\">Quelles sont les finalit\u00e9s du traitement des donn\u00e9es \u00e0 caract\u00e8re personnel de l\u2019utilisateur ?<\/span><\/h2>\n<p>Les donn\u00e9es \u00e0 caract\u00e8re personnel collect\u00e9es par le biais de l\u2019Application, du Site Internet et\/ou dans le cadre de la fourniture des Services, seront int\u00e9gr\u00e9es \u00e0 des fichiers appartenant \u00e0 la SOCI\u00c9T\u00c9 afin de permettre la gestion des Utilisateurs du Service, la fourniture de celui-ci et, de fa\u00e7on g\u00e9n\u00e9rale, la gestion et le d\u00e9veloppement de la relation \u00e9tablie entre la SOCI\u00c9T\u00c9 et les Utilisateurs, ainsi que l\u2019ex\u00e9cution des obligations correspondantes.<\/p>\n<p>De fa\u00e7on plus d\u00e9taill\u00e9e, la SOCI\u00c9T\u00c9 pourra traiter vos donn\u00e9es pour les finalit\u00e9s suivantes\u00a0:<\/p>\n<ul>\n<li>Enregistrement et gestion des Utilisateurs\u00a0; fourniture, gestion, optimisation, personnalisation et contr\u00f4le du Service\u00a0; assistance \u00e0 l\u2019Utilisateur.<\/li>\n<li>Identification de l\u2019Utilisateur et v\u00e9rification du respect des exigences li\u00e9es \u00e0 la location de v\u00e9hicules sans chauffeur.<\/li>\n<li>Gestion de la facturation, des paiements, des impay\u00e9s, des dommages, des accidents et des contraventions, contr\u00f4le et pr\u00e9vention de la fraude.<\/li>\n<li>Traitement des demandes, des plaintes, des suggestions ou des r\u00e9clamations.<\/li>\n<li>Analyse et d\u00e9veloppement de projets de mobilit\u00e9.<\/li>\n<li>D\u00e9veloppement de profils de conduite et\/ou de mod\u00e8les pr\u00e9dictifs, afin d\u2019optimiser le Service, d\u2019adapter les actions publicitaires et la prospection commerciale et de permettre la souscription de garanties suppl\u00e9mentaires dans le cadre de l\u2019assurance li\u00e9e au Service.<\/li>\n<li>Gestion de la plateforme de service, au sein de laquelle les donn\u00e9es pourront faire l\u2019objet d\u2019un transfert international \u00e0 destination d\u2019un sous-traitant charg\u00e9 du traitement bas\u00e9 aux \u00c9tats-Unis (la soci\u00e9t\u00e9 Ridecelle Inc.) qui fournit des garanties contractuelles ad\u00e9quates fond\u00e9es sur la r\u00e9glementation europ\u00e9enne.<\/li>\n<li>Gestion de la passerelle de paiement du Service, au sein de laquelle les donn\u00e9es peuvent faire l\u2019objet d\u2019un transfert international \u00e0 destination d\u2019un sous-traitant charg\u00e9 du traitement bas\u00e9 aux \u00c9tats-Unis (la soci\u00e9t\u00e9 PayPal Inc) qui fournit des garanties contractuelles ad\u00e9quates fond\u00e9es sur la r\u00e9glementation europ\u00e9enne.<\/li>\n<li>Si l\u2019Utilisateur choisit de sauvegarder ses informations de paiement (carte), ces derni\u00e8res seront pr\u00e9serv\u00e9es et appara\u00eetront comme pr\u00e9-renseign\u00e9es lors des locations suivantes, de sorte qu\u2019il ne sera pas n\u00e9cessaire de saisir de nouveau vos informations de paiement et qu\u2019elles seront consid\u00e9r\u00e9es comme valables pour des locations ult\u00e9rieures. Le code de s\u00e9curit\u00e9 de la carte (CVV ou CVC) ne sera utilis\u00e9 que pour la location en cours. L\u2019Utilisateur pourra modifier ou supprimer ses cartes \u00e0 tout moment dans la section Comptes \u2013 Paiements et Promotions.<\/li>\n<li>Actions publicitaires et de prospection commerciale, telles que la cr\u00e9ation de statistiques ou la r\u00e9alisation d\u2019enqu\u00eates de satisfaction et d\u2019\u00e9tudes de march\u00e9\u00a0; profilage et personnalisation d\u2019actions commerciales\u00a0; segmentation et filtrage de donn\u00e9es\u00a0; communication par tout canal, y compris par des moyens \u00e9lectroniques (notifications par le biais de l\u2019Application, par courrier \u00e9lectronique et par SMS et MMS envoy\u00e9s \u00e0 un t\u00e9l\u00e9phone mobile, etc.) et par d\u2019autres moyens (y compris, notamment, communications t\u00e9l\u00e9phoniques et lettres)\u00a0; informations commerciales, offres, remises et promotions i) li\u00e9es \u00e0 nos propres produits et services, ii) li\u00e9es aux produits et services de soci\u00e9t\u00e9s du groupe auquel appartiennent les associ\u00e9s fondateurs de la Soci\u00e9t\u00e9, iii) de soci\u00e9t\u00e9s tierces appartenant aux secteurs suivants\u00a0: fabrication\u00a0; fourniture d\u2019\u00e9lectricit\u00e9, de gaz, de vapeur et d\u2019\u00e9quipements de climatisation\u00a0; vente en gros et au d\u00e9tail\u00a0; r\u00e9paration de v\u00e9hicules \u00e0 moteur et de motos\u00a0; transport et stockage\u00a0; h\u00f4tellerie, information et communication\u00a0; activit\u00e9s financi\u00e8res et d\u2019assurance\u00a0; activit\u00e9s lib\u00e9rales, scientifiques et techniques\u00a0; activit\u00e9s administratives et services auxiliaires\u00a0; services de sant\u00e9 et sociaux\u00a0; activit\u00e9s artistiques, de loisirs et de divertissement. Sont membres du Groupe Ferrovial les soci\u00e9t\u00e9s ou entit\u00e9s faisant partie de ce groupe au sens de l\u2019article 42 du Code de commerce espagnol et, en particulier, les soci\u00e9t\u00e9s dont la liste figure dans le rapport relatif aux comptes annuels consolid\u00e9s les plus r\u00e9cents publi\u00e9s sur le site internet <a href=\"http:\/\/www.ferrovial.com\">ferrovial.com<\/a>. Les soci\u00e9t\u00e9s du Groupe Ferrovial exercent principalement les activit\u00e9s suivantes\u00a0: i) construction, ii) gestion d\u2019infrastructures de transport et d\u2019a\u00e9roports, iii) activit\u00e9s immobili\u00e8res et iv) services. Il s\u2019agit de soci\u00e9t\u00e9s du Groupe Renault. La liste de l\u2019ensemble de ces soci\u00e9t\u00e9s ou entit\u00e9s est accessible par le lien suivant\u00a0: <a href=\"https:\/\/www.renault.es\/descubre-renault\/grupo-renault-espana\/#Empresas_del_Grupo_y_resultados\">https:\/\/www.renault.es\/descubre-renault\/grupo-renault-espana\/#Empresas_del_Grupo_y_resultados<\/a>. Les soci\u00e9t\u00e9s du Groupe Renault exercent principalement les activit\u00e9s suivantes\u00a0: i) fabrication, ii) commercialisation et distribution de v\u00e9hicules et de pi\u00e8ces d\u00e9tach\u00e9es.<\/li>\n<li>Respect des obligations l\u00e9gales li\u00e9es au Service, telles que celles d\u00e9finies dans le cadre de la l\u00e9gislation fiscale et de la r\u00e9glementation relative \u00e0 la circulation routi\u00e8re.<\/li>\n<\/ul>\n<p>Nous vous informons \u00e9galement du traitement possible des donn\u00e9es des Utilisateurs de r\u00e9seaux sociaux par le biais des profils d\u2019entreprise de la SOCI\u00c9T\u00c9, les finalit\u00e9s de ce traitement \u00e9tant celles autoris\u00e9es par chaque r\u00e9seau social, y compris les finalit\u00e9s d\u2019ordre analytique. L\u2019organisation de concours et\/ou de promotions dans le cadre de ces r\u00e9seaux sera soumise \u00e0 des r\u00e8gles sp\u00e9cifiques.<\/p>\n<p>&nbsp;<\/p>\n<h2><span style=\"color: #83bc00;\">\u00c0 quels autres destinataires les donn\u00e9es seront-elles communiqu\u00e9es ? <\/span><\/h2>\n<p>La SOCI\u00c9T\u00c9 vous informe que vos donn\u00e9es pourront \u00eatre communiqu\u00e9es aux entit\u00e9s suivantes\u00a0:<\/p>\n<ul>\n<li>Administration fiscale et autres administrations comp\u00e9tentes, aux fins du respect d\u2019obligations fiscales.<\/li>\n<li>Administration publique comp\u00e9tente aux fins de l\u2019identification des conducteurs, dans le respect de la r\u00e9glementation applicable.<\/li>\n<li>Autres administrations publiques et\/ou autorit\u00e9s comp\u00e9tentes, par exemple en mati\u00e8re de s\u00e9curit\u00e9 nationale, dans la mesure n\u00e9cessaire au respect de la r\u00e9glementation applicable.<\/li>\n<li>\u00c9tablissements financiers et plateformes de paiement, aux fins de la gestion des encaissements et des paiements.<\/li>\n<li>Soci\u00e9t\u00e9s d\u2019assurance, aux fins de la gestion des dommages et\/ou accidents.<\/li>\n<li>Soci\u00e9t\u00e9s du groupe auquel appartiennent les associ\u00e9s fondateurs de la SOCI\u00c9T\u00c9, et soci\u00e9t\u00e9s tierces, identifi\u00e9es \u00e0 la section pr\u00e9c\u00e9dente, aux fins d\u2019actions publicitaires et de prospection commerciale, ainsi qu\u2019aux fins de l\u2019analyse et du d\u00e9veloppement de projets de mobilit\u00e9.<\/li>\n<li>Responsables du traitement situ\u00e9s aux \u00c9tats-Unis d\u2019Am\u00e9rique, qui fournissent des garanties contractuelles ad\u00e9quates fond\u00e9es sur la r\u00e9glementation europ\u00e9enne (D\u00e9cision 2010\/87\/UE), aux fins de la gestion de la plateforme et de la passerelle de paiement du Service.<\/li>\n<\/ul>\n<p>&nbsp;<\/p>\n<h2><span style=\"color: #83bc00;\">Quelle est la l\u00e9gitimit\u00e9 du traitement de vos donn\u00e9es \u00e0 caract\u00e8re personnel ?<\/span><\/h2>\n<p>Le traitement et\/ou la cession des donn\u00e9es, dont il est question ci-dessus, reposent sur les fondements juridiques suivants\u00a0:<\/p>\n<ul>\n<li>L\u2019ex\u00e9cution du contrat ou des obligations li\u00e9es \u00e0 la relation juridique \u00e9tablie.<\/li>\n<li>Le consentement de l\u2019Utilisateur, en ce qui concerne le traitement de donn\u00e9es biom\u00e9triques et de localisation n\u00e9cessaires \u00e0 son identification et \u00e0 la fourniture cons\u00e9cutive du Service.<\/li>\n<li>Le consentement de l\u2019Utilisateur, s\u2019agissant du transfert international des donn\u00e9es \u00e0 des sous-traitants charg\u00e9s du traitement situ\u00e9s aux \u00c9tats-Unis d\u2019Am\u00e9rique, ce transfert \u00e9tant n\u00e9cessaire \u00e0 la gestion de la plateforme et de la passerelle de paiement du Service.<\/li>\n<li>Le consentement de l\u2019Utilisateur, s\u2019agissant du traitement et\/ou du transfert de donn\u00e9es \u00e0 des fins d\u2019analyse et de d\u00e9veloppement de projets de mobilit\u00e9\u00a0; s\u2019agissant des actions publicitaires et de prospection commerciale\u00a0; ainsi que s\u2019agissant de l\u2019\u00e9laboration de profils et\/ou de mod\u00e8les pr\u00e9dictifs, sans que le retrait de ce consentement soit de nature \u00e0 affecter la fourniture du Service.<\/li>\n<li>Le respect des obligations l\u00e9gales (telles que celles d\u00e9finies par la l\u00e9gislation fiscale et la r\u00e9glementation relative \u00e0 la circulation routi\u00e8re), s\u2019agissant du traitement des donn\u00e9es et de leur transfert \u00e9ventuel \u00e0 des administrations et \u00e0 des autorit\u00e9s comp\u00e9tentes.<\/li>\n<\/ul>\n<p>&nbsp;<\/p>\n<h2><span style=\"color: #83bc00;\">Quelle est la dur\u00e9e de conservation de vos donn\u00e9es \u00e0 caract\u00e8re personnel ?<\/span><\/h2>\n<p>Les donn\u00e9es seront conserv\u00e9es tout au long de la relation juridique \u00e9tablie, durant le nombre d\u2019ann\u00e9es n\u00e9cessaires pour se conformer aux obligations l\u00e9gales et, s\u2019agissant du reste des finalit\u00e9s du traitement, aussi longtemps que l\u2019effacement des donn\u00e9es ne sera pas demand\u00e9 par l\u2019Utilisateur. Cependant, si ce dernier n\u2019utilise pas le Service pendant douze (12) mois, il sera d\u00e9sinscrit \u00e0 la suite d\u2019un pr\u00e9avis.<\/p>\n<p>&nbsp;<\/p>\n<h2><span style=\"color: #83bc00;\">Quels sont les droits de la personne concern\u00e9e ?<\/span><\/h2>\n<p>L\u2019Utilisateur est en droit d\u2019acc\u00e9der \u00e0 ses donn\u00e9es \u00e0 caract\u00e8re personnel, d\u2019en demander la rectification si elles sont inexactes et d\u2019en demander l\u2019effacement lorsque, entre autres raisons, les donn\u00e9es en question ne sont plus n\u00e9cessaires au regard des finalit\u00e9s pour lesquelles elles ont \u00e9t\u00e9 collect\u00e9es.<\/p>\n<p>Dans certaines circonstances, les personnes concern\u00e9es peuvent i) demander la limitation du traitement de leurs donn\u00e9es, auquel cas nous ne les conserverons qu\u2019aux fins de l\u2019exercice ou de la d\u00e9fense de droits en justice, ii) s\u2019opposer au traitement des donn\u00e9es pour des motifs li\u00e9s \u00e0 leur situation personnelle, auquel cas nous cesserons de les traiter si ce n\u2019est pour des raisons l\u00e9gitimes et imp\u00e9rieuses ou aux fins de l\u2019exercice ou de la d\u00e9fense de droits en justice.<\/p>\n<p>Afin d\u2019exercer ses droits en mati\u00e8re de protection des donn\u00e9es ou de r\u00e9voquer tout consentement, l\u2019Utilisateur peut \u00e9crire \u00e0 CAR SHARING AND MOBILITY SERVICES FRANCE, Service d\u2019Assistance relative \u00e0 la Location de Voitures, 22, rue Yyes Kermen \u00e0 Boulogne, 92100 (France), en indiquant la r\u00e9f\u00e9rence \u00ab\u00a0Protection des donn\u00e9es\u00a0\u00bb.<\/p>\n<p>L\u2019Utilisateur peut \u00e9galement r\u00e9voquer son consentement ou exprimer son opposition au traitement et\/ou au transfert de ses donn\u00e9es \u00e0 des fins commerciales, \u00e0 des fins d\u2019analyse et de d\u00e9veloppement de projets de mobilit\u00e9 ou aux fins de l\u2019\u00e9laboration de profils de conduite et\/ou de mod\u00e8les pr\u00e9dictifs, en envoyant un courrier \u00e9lectronique \u00e0 l\u2019adresse suivante\u00a0: <a href=\"mailto:bonjour@zity.eco\">bonjour@zity.eco<\/a>.<\/p>\n<p>L\u2019Utilisateur peut introduire une r\u00e9clamation aupr\u00e8s de l\u2019Agence fran\u00e7ais comp\u00e9tente en mati\u00e8re de protection des donn\u00e9es, la Commission Nationale de l&rsquo;Informatique et des Libert\u00e9s (CNIL), en particulier s\u2019il n\u2019a pas obtenu satisfaction dans l\u2019exercice de ses droits.<\/p>\n<p>&nbsp;<\/p>\n<h2><\/h2>\n","protected":false},"excerpt":{"rendered":"<p>Version du 16 mars, 2020\u00a0 &nbsp; 1. INFORMATIONS ESSENTIELLES &nbsp; Responsable du traitement CARSHARING MOBILITY AND SERVICES FRANCE Finalit\u00e9s L\u00e9gitimit\u00e9 \u00a0 Gestion des Utilisateurs du Service, fourniture du Service et, de fa\u00e7on g\u00e9n\u00e9rale, gestion et d\u00e9veloppement de la relation juridique \u00e9tablie et ex\u00e9cution des obligations correspondantes &#8211; Ex\u00e9cution du contrat ou des obligations li\u00e9es \u00e0 [&hellip;]<\/p>\n","protected":false},"author":19,"featured_media":0,"parent":82925,"menu_order":0,"comment_status":"closed","ping_status":"closed","template":"","meta":{"inline_featured_image":false},"yoast_head":"<!-- This site is optimized with the Yoast SEO plugin v18.5.1 - https:\/\/yoast.com\/wordpress\/plugins\/seo\/ -->\n<title>Politique Confidentialit\u00e9 Paris &ndash; Zity<\/title>\n<meta name=\"robots\" content=\"index, follow, max-snippet:-1, max-image-preview:large, max-video-preview:-1\" \/>\n<link rel=\"canonical\" href=\"https:\/\/zity.eco\/fr\/documents-legaux\/par-politique-confidentialite-20200316\/\" \/>\n<meta property=\"og:locale\" content=\"fr_FR\" \/>\n<meta property=\"og:type\" content=\"article\" \/>\n<meta property=\"og:title\" content=\"Politique Confidentialit\u00e9 Paris &ndash; Zity\" \/>\n<meta property=\"og:description\" content=\"Version du 16 mars, 2020\u00a0 &nbsp; 1. INFORMATIONS ESSENTIELLES &nbsp; Responsable du traitement CARSHARING MOBILITY AND SERVICES FRANCE Finalit\u00e9s L\u00e9gitimit\u00e9 \u00a0 Gestion des Utilisateurs du Service, fourniture du Service et, de fa\u00e7on g\u00e9n\u00e9rale, gestion et d\u00e9veloppement de la relation juridique \u00e9tablie et ex\u00e9cution des obligations correspondantes &#8211; Ex\u00e9cution du contrat ou des obligations li\u00e9es \u00e0 [&hellip;]\" \/>\n<meta property=\"og:url\" content=\"https:\/\/zity.eco\/fr\/documents-legaux\/par-politique-confidentialite-20200316\/\" \/>\n<meta property=\"og:site_name\" content=\"Zity\" \/>\n<meta property=\"article:modified_time\" content=\"2020-03-23T21:06:23+00:00\" \/>\n<meta name=\"twitter:card\" content=\"summary_large_image\" \/>\n<meta name=\"twitter:label1\" content=\"Dur\u00e9e de lecture estim\u00e9e\" \/>\n\t<meta name=\"twitter:data1\" content=\"11 minutes\" \/>\n<script type=\"application\/ld+json\" class=\"yoast-schema-graph\">{\"@context\":\"https:\/\/schema.org\",\"@graph\":[{\"@type\":\"WebSite\",\"@id\":\"https:\/\/zity.eco\/#website\",\"url\":\"https:\/\/zity.eco\/\",\"name\":\"Zity\",\"description\":\"\",\"potentialAction\":[{\"@type\":\"SearchAction\",\"target\":{\"@type\":\"EntryPoint\",\"urlTemplate\":\"https:\/\/zity.eco\/?s={search_term_string}\"},\"query-input\":\"required name=search_term_string\"}],\"inLanguage\":\"fr-FR\"},{\"@type\":\"WebPage\",\"@id\":\"https:\/\/zity.eco\/fr\/documents-legaux\/par-politique-confidentialite-20200316\/#webpage\",\"url\":\"https:\/\/zity.eco\/fr\/documents-legaux\/par-politique-confidentialite-20200316\/\",\"name\":\"Politique Confidentialit\u00e9 Paris &ndash; Zity\",\"isPartOf\":{\"@id\":\"https:\/\/zity.eco\/#website\"},\"datePublished\":\"2020-03-19T18:40:47+00:00\",\"dateModified\":\"2020-03-23T21:06:23+00:00\",\"breadcrumb\":{\"@id\":\"https:\/\/zity.eco\/fr\/documents-legaux\/par-politique-confidentialite-20200316\/#breadcrumb\"},\"inLanguage\":\"fr-FR\",\"potentialAction\":[{\"@type\":\"ReadAction\",\"target\":[\"https:\/\/zity.eco\/fr\/documents-legaux\/par-politique-confidentialite-20200316\/\"]}]},{\"@type\":\"BreadcrumbList\",\"@id\":\"https:\/\/zity.eco\/fr\/documents-legaux\/par-politique-confidentialite-20200316\/#breadcrumb\",\"itemListElement\":[{\"@type\":\"ListItem\",\"position\":1,\"name\":\"Portada\",\"item\":\"https:\/\/zity.eco\/fr\/\"},{\"@type\":\"ListItem\",\"position\":2,\"name\":\"Documents L\u00e9gaux\",\"item\":\"https:\/\/zity.eco\/fr\/documents-legaux\/\"},{\"@type\":\"ListItem\",\"position\":3,\"name\":\"Politique Confidentialit\u00e9 Paris\"}]}]}<\/script>\n<!-- \/ Yoast SEO plugin. -->","yoast_head_json":{"title":"Politique Confidentialit\u00e9 Paris &ndash; Zity","robots":{"index":"index","follow":"follow","max-snippet":"max-snippet:-1","max-image-preview":"max-image-preview:large","max-video-preview":"max-video-preview:-1"},"canonical":"https:\/\/zity.eco\/fr\/documents-legaux\/par-politique-confidentialite-20200316\/","og_locale":"fr_FR","og_type":"article","og_title":"Politique Confidentialit\u00e9 Paris &ndash; Zity","og_description":"Version du 16 mars, 2020\u00a0 &nbsp; 1. INFORMATIONS ESSENTIELLES &nbsp; Responsable du traitement CARSHARING MOBILITY AND SERVICES FRANCE Finalit\u00e9s L\u00e9gitimit\u00e9 \u00a0 Gestion des Utilisateurs du Service, fourniture du Service et, de fa\u00e7on g\u00e9n\u00e9rale, gestion et d\u00e9veloppement de la relation juridique \u00e9tablie et ex\u00e9cution des obligations correspondantes &#8211; Ex\u00e9cution du contrat ou des obligations li\u00e9es \u00e0 [&hellip;]","og_url":"https:\/\/zity.eco\/fr\/documents-legaux\/par-politique-confidentialite-20200316\/","og_site_name":"Zity","article_modified_time":"2020-03-23T21:06:23+00:00","twitter_card":"summary_large_image","twitter_misc":{"Dur\u00e9e de lecture estim\u00e9e":"11 minutes"},"schema":{"@context":"https:\/\/schema.org","@graph":[{"@type":"WebSite","@id":"https:\/\/zity.eco\/#website","url":"https:\/\/zity.eco\/","name":"Zity","description":"","potentialAction":[{"@type":"SearchAction","target":{"@type":"EntryPoint","urlTemplate":"https:\/\/zity.eco\/?s={search_term_string}"},"query-input":"required name=search_term_string"}],"inLanguage":"fr-FR"},{"@type":"WebPage","@id":"https:\/\/zity.eco\/fr\/documents-legaux\/par-politique-confidentialite-20200316\/#webpage","url":"https:\/\/zity.eco\/fr\/documents-legaux\/par-politique-confidentialite-20200316\/","name":"Politique Confidentialit\u00e9 Paris &ndash; Zity","isPartOf":{"@id":"https:\/\/zity.eco\/#website"},"datePublished":"2020-03-19T18:40:47+00:00","dateModified":"2020-03-23T21:06:23+00:00","breadcrumb":{"@id":"https:\/\/zity.eco\/fr\/documents-legaux\/par-politique-confidentialite-20200316\/#breadcrumb"},"inLanguage":"fr-FR","potentialAction":[{"@type":"ReadAction","target":["https:\/\/zity.eco\/fr\/documents-legaux\/par-politique-confidentialite-20200316\/"]}]},{"@type":"BreadcrumbList","@id":"https:\/\/zity.eco\/fr\/documents-legaux\/par-politique-confidentialite-20200316\/#breadcrumb","itemListElement":[{"@type":"ListItem","position":1,"name":"Portada","item":"https:\/\/zity.eco\/fr\/"},{"@type":"ListItem","position":2,"name":"Documents L\u00e9gaux","item":"https:\/\/zity.eco\/fr\/documents-legaux\/"},{"@type":"ListItem","position":3,"name":"Politique Confidentialit\u00e9 Paris"}]}]}},"_links":{"self":[{"href":"https:\/\/zity.eco\/fr\/wp-json\/wp\/v2\/pages\/85389"}],"collection":[{"href":"https:\/\/zity.eco\/fr\/wp-json\/wp\/v2\/pages"}],"about":[{"href":"https:\/\/zity.eco\/fr\/wp-json\/wp\/v2\/types\/page"}],"author":[{"embeddable":true,"href":"https:\/\/zity.eco\/fr\/wp-json\/wp\/v2\/users\/19"}],"replies":[{"embeddable":true,"href":"https:\/\/zity.eco\/fr\/wp-json\/wp\/v2\/comments?post=85389"}],"version-history":[{"count":3,"href":"https:\/\/zity.eco\/fr\/wp-json\/wp\/v2\/pages\/85389\/revisions"}],"predecessor-version":[{"id":85468,"href":"https:\/\/zity.eco\/fr\/wp-json\/wp\/v2\/pages\/85389\/revisions\/85468"}],"up":[{"embeddable":true,"href":"https:\/\/zity.eco\/fr\/wp-json\/wp\/v2\/pages\/82925"}],"wp:attachment":[{"href":"https:\/\/zity.eco\/fr\/wp-json\/wp\/v2\/media?parent=85389"}],"curies":[{"name":"wp","href":"https:\/\/api.w.org\/{rel}","templated":true}]}}