{"id":82936,"date":"2019-12-17T13:58:52","date_gmt":"2019-12-17T12:58:52","guid":{"rendered":"https:\/\/zity.eco\/homepage\/"},"modified":"2026-01-05T08:26:18","modified_gmt":"2026-01-05T07:26:18","slug":"homepage","status":"publish","type":"page","link":"https:\/\/zity.eco\/fr\/","title":{"rendered":"Accueil"},"content":{"rendered":"","protected":false},"excerpt":{"rendered":"","protected":false},"author":4,"featured_media":0,"parent":0,"menu_order":0,"comment_status":"closed","ping_status":"closed","template":"template-homepage.php","meta":{"inline_featured_image":false},"yoast_head":"<!-- This site is optimized with the Yoast SEO plugin v18.5.1 - https:\/\/yoast.com\/wordpress\/plugins\/seo\/ -->\n<title>Zity - Autopartage 4 places, veille et 100% \u00e9lectrique<\/title>\n<meta name=\"description\" content=\"Je suis n\u00e9 pour rendre votre vie plus facile et plus flexible. Citadin dans l&#039;\u00e2me, mais avec une \u00e2me libre. Ils m&#039;appellent le covoiturage, mais vous pouvez m&#039;appeler #Zity.\" \/>\n<meta name=\"robots\" content=\"index, follow, max-snippet:-1, max-image-preview:large, max-video-preview:-1\" \/>\n<link rel=\"canonical\" href=\"https:\/\/zity.eco\/fr\/\" \/>\n<meta property=\"og:locale\" content=\"fr_FR\" \/>\n<meta property=\"og:type\" content=\"article\" \/>\n<meta property=\"og:title\" content=\"Zity - Autopartage 4 places, veille et 100% \u00e9lectrique\" \/>\n<meta property=\"og:description\" content=\"Je suis n\u00e9 pour rendre votre vie plus facile et plus flexible. Citadin dans l&#039;\u00e2me, mais avec une \u00e2me libre. Ils m&#039;appellent le covoiturage, mais vous pouvez m&#039;appeler #Zity.\" \/>\n<meta property=\"og:url\" content=\"https:\/\/zity.eco\/fr\/\" \/>\n<meta property=\"og:site_name\" content=\"Zity\" \/>\n<meta property=\"article:modified_time\" content=\"2026-01-05T07:26:18+00:00\" \/>\n<meta name=\"twitter:card\" content=\"summary_large_image\" \/>\n<script type=\"application\/ld+json\" class=\"yoast-schema-graph\">{\"@context\":\"https:\/\/schema.org\",\"@graph\":[{\"@type\":\"WebSite\",\"@id\":\"https:\/\/zity.eco\/#website\",\"url\":\"https:\/\/zity.eco\/\",\"name\":\"Zity\",\"description\":\"\",\"potentialAction\":[{\"@type\":\"SearchAction\",\"target\":{\"@type\":\"EntryPoint\",\"urlTemplate\":\"https:\/\/zity.eco\/?s={search_term_string}\"},\"query-input\":\"required name=search_term_string\"}],\"inLanguage\":\"fr-FR\"},{\"@type\":\"WebPage\",\"@id\":\"https:\/\/zity.eco\/fr\/#webpage\",\"url\":\"https:\/\/zity.eco\/fr\/\",\"name\":\"Zity - Autopartage 4 places, veille et 100% \u00e9lectrique\",\"isPartOf\":{\"@id\":\"https:\/\/zity.eco\/#website\"},\"datePublished\":\"2019-12-17T12:58:52+00:00\",\"dateModified\":\"2026-01-05T07:26:18+00:00\",\"description\":\"Je suis n\u00e9 pour rendre votre vie plus facile et plus flexible. Citadin dans l'\u00e2me, mais avec une \u00e2me libre. Ils m'appellent le covoiturage, mais vous pouvez m'appeler #Zity.\",\"breadcrumb\":{\"@id\":\"https:\/\/zity.eco\/fr\/#breadcrumb\"},\"inLanguage\":\"fr-FR\",\"potentialAction\":[{\"@type\":\"ReadAction\",\"target\":[\"https:\/\/zity.eco\/fr\/\"]}]},{\"@type\":\"BreadcrumbList\",\"@id\":\"https:\/\/zity.eco\/fr\/#breadcrumb\",\"itemListElement\":[{\"@type\":\"ListItem\",\"position\":1,\"name\":\"Portada\",\"item\":\"https:\/\/zity.eco\/fr\/\"},{\"@type\":\"ListItem\",\"position\":2,\"name\":\"Accueil\"}]}]}<\/script>\n<!-- \/ Yoast SEO plugin. -->","yoast_head_json":{"title":"Zity - Autopartage 4 places, veille et 100% \u00e9lectrique","description":"Je suis n\u00e9 pour rendre votre vie plus facile et plus flexible. Citadin dans l'\u00e2me, mais avec une \u00e2me libre. Ils m'appellent le covoiturage, mais vous pouvez m'appeler #Zity.","robots":{"index":"index","follow":"follow","max-snippet":"max-snippet:-1","max-image-preview":"max-image-preview:large","max-video-preview":"max-video-preview:-1"},"canonical":"https:\/\/zity.eco\/fr\/","og_locale":"fr_FR","og_type":"article","og_title":"Zity - Autopartage 4 places, veille et 100% \u00e9lectrique","og_description":"Je suis n\u00e9 pour rendre votre vie plus facile et plus flexible. Citadin dans l'\u00e2me, mais avec une \u00e2me libre. Ils m'appellent le covoiturage, mais vous pouvez m'appeler #Zity.","og_url":"https:\/\/zity.eco\/fr\/","og_site_name":"Zity","article_modified_time":"2026-01-05T07:26:18+00:00","twitter_card":"summary_large_image","schema":{"@context":"https:\/\/schema.org","@graph":[{"@type":"WebSite","@id":"https:\/\/zity.eco\/#website","url":"https:\/\/zity.eco\/","name":"Zity","description":"","potentialAction":[{"@type":"SearchAction","target":{"@type":"EntryPoint","urlTemplate":"https:\/\/zity.eco\/?s={search_term_string}"},"query-input":"required name=search_term_string"}],"inLanguage":"fr-FR"},{"@type":"WebPage","@id":"https:\/\/zity.eco\/fr\/#webpage","url":"https:\/\/zity.eco\/fr\/","name":"Zity - Autopartage 4 places, veille et 100% \u00e9lectrique","isPartOf":{"@id":"https:\/\/zity.eco\/#website"},"datePublished":"2019-12-17T12:58:52+00:00","dateModified":"2026-01-05T07:26:18+00:00","description":"Je suis n\u00e9 pour rendre votre vie plus facile et plus flexible. Citadin dans l'\u00e2me, mais avec une \u00e2me libre. Ils m'appellent le covoiturage, mais vous pouvez m'appeler #Zity.","breadcrumb":{"@id":"https:\/\/zity.eco\/fr\/#breadcrumb"},"inLanguage":"fr-FR","potentialAction":[{"@type":"ReadAction","target":["https:\/\/zity.eco\/fr\/"]}]},{"@type":"BreadcrumbList","@id":"https:\/\/zity.eco\/fr\/#breadcrumb","itemListElement":[{"@type":"ListItem","position":1,"name":"Portada","item":"https:\/\/zity.eco\/fr\/"},{"@type":"ListItem","position":2,"name":"Accueil"}]}]}},"_links":{"self":[{"href":"https:\/\/zity.eco\/fr\/wp-json\/wp\/v2\/pages\/82936"}],"collection":[{"href":"https:\/\/zity.eco\/fr\/wp-json\/wp\/v2\/pages"}],"about":[{"href":"https:\/\/zity.eco\/fr\/wp-json\/wp\/v2\/types\/page"}],"author":[{"embeddable":true,"href":"https:\/\/zity.eco\/fr\/wp-json\/wp\/v2\/users\/4"}],"replies":[{"embeddable":true,"href":"https:\/\/zity.eco\/fr\/wp-json\/wp\/v2\/comments?post=82936"}],"version-history":[{"count":2,"href":"https:\/\/zity.eco\/fr\/wp-json\/wp\/v2\/pages\/82936\/revisions"}],"predecessor-version":[{"id":139094,"href":"https:\/\/zity.eco\/fr\/wp-json\/wp\/v2\/pages\/82936\/revisions\/139094"}],"wp:attachment":[{"href":"https:\/\/zity.eco\/fr\/wp-json\/wp\/v2\/media?parent=82936"}],"curies":[{"name":"wp","href":"https:\/\/api.w.org\/{rel}","templated":true}]}}