{"id":136250,"date":"2022-11-22T16:47:48","date_gmt":"2022-11-22T15:47:48","guid":{"rendered":"https:\/\/zity.eco\/?page_id=136250"},"modified":"2022-11-22T16:48:23","modified_gmt":"2022-11-22T15:48:23","slug":"nos-packs-malins-ont-demenage","status":"publish","type":"page","link":"https:\/\/zity.eco\/fr\/paris\/nos-packs-malins-ont-demenage\/","title":{"rendered":"Nos Packs Malins ont d\u00e9m\u00e9nag\u00e9"},"content":{"rendered":"\n<div class=\"wp-container-2 wp-block-columns\">\n<div class=\"wp-container-1 wp-block-column we-moved\">\n<figure class=\"wp-block-image size-full we-moved-illus\"><img loading=\"lazy\" width=\"951\" height=\"600\" src=\"https:\/\/zity.eco\/wp-content\/uploads\/2022\/11\/nos-movemos.png\" alt=\"\" class=\"wp-image-136238\" srcset=\"https:\/\/zity.eco\/wp-content\/uploads\/2022\/11\/nos-movemos.png 951w, https:\/\/zity.eco\/wp-content\/uploads\/2022\/11\/nos-movemos-768x485.png 768w, https:\/\/zity.eco\/wp-content\/uploads\/2022\/11\/nos-movemos-24x15.png 24w, https:\/\/zity.eco\/wp-content\/uploads\/2022\/11\/nos-movemos-36x23.png 36w, https:\/\/zity.eco\/wp-content\/uploads\/2022\/11\/nos-movemos-48x30.png 48w, https:\/\/zity.eco\/wp-content\/uploads\/2022\/11\/nos-movemos-600x379.png 600w\" sizes=\"(max-width: 951px) 100vw, 951px\" \/><\/figure>\n\n\n\n<p class=\"we-moved-text\"><span class=\"green-pill\">Nos Packs Malins<\/span><br> <span class=\"black-pill\">ont d\u00e9m\u00e9nag\u00e9<\/span><\/p>\n<\/div>\n<\/div>\n\n\n\n<p class=\"we-moved-p\">Pour acc\u00e9l\u00e9rer le processus et vous simplifier la vie, vous pouvez d\u00e9sormais acheter nos packs depuis l&rsquo;appli Zity.<\/p>\n\n\n\n<p class=\"we-moved-p\">Acc\u00e9dez \u00e0 l&rsquo;onglet \u00ab\u00a0Packs Malins\u00a0\u00bb depuis le menu principal et s\u00e9lectionnez le pack de votre choix.<\/p>\n\n\n\n<p class=\"we-moved-p\">L&rsquo;achat sera automatiquement d\u00e9bit\u00e9 sur votre moyen de paiement par d\u00e9faut.<\/p>\n\n\n\n<p class=\"we-moved-p\">Plus besoin de copier-coller votre code alphanum\u00e9rique, le pack sera automatiquement activ\u00e9 dans votre portemonnaie \u00e9lectronique.<br><strong>Plus simple et plus rapide !<\/strong><\/p>\n\n\n\n<p class=\"we-moved-p\">Assurez-vous que votre appli soit \u00e0 jour<\/p>\n\n\n\n<div class=\"wp-container-3 is-content-justification-center wp-block-buttons has-custom-font-size has-small-font-size\">\n<div class=\"wp-block-button has-custom-font-size we-moved-button has-medium-font-size\"><a class=\"wp-block-button__link has-white-color has-text-color has-background\" href=\"https:\/\/app.adjust.com\/gcllq40?engagement_type=fallback_click&amp;deeplink=zity%3A%2F%2Fmy_saving_packs\" style=\"border-radius:86px;background-color:#83bc00\"><img decoding=\"async\" loading=\"lazy\" width=\"59\" height=\"77\" srcset=\"https:\/\/zity.eco\/wp-content\/uploads\/2022\/11\/descarga-app.png 59w, https:\/\/zity.eco\/wp-content\/uploads\/2022\/11\/descarga-app-18x24.png 18w, https:\/\/zity.eco\/wp-content\/uploads\/2022\/11\/descarga-app-28x36.png 28w, https:\/\/zity.eco\/wp-content\/uploads\/2022\/11\/descarga-app-37x48.png 37w\" sizes=\"(max-width: 59px) 100vw, 59px\" class=\"wp-image-126843\" src=\"https:\/\/zity.eco\/wp-content\/uploads\/2022\/11\/descarga-app.png\" alt=\"\">Acheter dans l&rsquo;appli<\/a><\/div>\n<\/div>\n","protected":false},"excerpt":{"rendered":"<p>Nos Packs Malins ont d\u00e9m\u00e9nag\u00e9 Pour acc\u00e9l\u00e9rer le processus et vous simplifier la vie, vous pouvez d\u00e9sormais acheter nos packs depuis l&rsquo;appli Zity. Acc\u00e9dez \u00e0 l&rsquo;onglet \u00ab\u00a0Packs Malins\u00a0\u00bb depuis le menu principal et s\u00e9lectionnez le pack de votre choix. L&rsquo;achat sera automatiquement d\u00e9bit\u00e9 sur votre moyen de paiement par d\u00e9faut. Plus besoin de copier-coller votre [&hellip;]<\/p>\n","protected":false},"author":19,"featured_media":0,"parent":82976,"menu_order":0,"comment_status":"closed","ping_status":"closed","template":"","meta":{"inline_featured_image":false},"yoast_head":"<!-- This site is optimized with the Yoast SEO plugin v18.5.1 - https:\/\/yoast.com\/wordpress\/plugins\/seo\/ -->\n<title>Nos Packs Malins ont d\u00e9m\u00e9nag\u00e9 &ndash; Zity<\/title>\n<meta name=\"description\" content=\"Pour acc\u00e9l\u00e9rer le processus et vous simplifier la vie, vous pouvez d\u00e9sormais acheter nos packs depuis l&#039;appli Zity.\" \/>\n<meta name=\"robots\" content=\"index, follow, max-snippet:-1, max-image-preview:large, max-video-preview:-1\" \/>\n<link rel=\"canonical\" href=\"https:\/\/zity.eco\/fr\/paris\/nos-packs-malins-ont-demenage\/\" \/>\n<meta property=\"og:locale\" content=\"fr_FR\" \/>\n<meta property=\"og:type\" content=\"article\" \/>\n<meta property=\"og:title\" content=\"Nos Packs Malins ont d\u00e9m\u00e9nag\u00e9 &ndash; Zity\" \/>\n<meta property=\"og:description\" content=\"Pour acc\u00e9l\u00e9rer le processus et vous simplifier la vie, vous pouvez d\u00e9sormais acheter nos packs depuis l&#039;appli Zity.\" \/>\n<meta property=\"og:url\" content=\"https:\/\/zity.eco\/fr\/paris\/nos-packs-malins-ont-demenage\/\" \/>\n<meta property=\"og:site_name\" content=\"Zity\" \/>\n<meta property=\"article:modified_time\" content=\"2022-11-22T15:48:23+00:00\" \/>\n<meta property=\"og:image\" content=\"https:\/\/zity.eco\/wp-content\/uploads\/2022\/11\/nos-movemos.png\" \/>\n<meta name=\"twitter:card\" content=\"summary_large_image\" \/>\n<meta name=\"twitter:label1\" content=\"Dur\u00e9e de lecture estim\u00e9e\" \/>\n\t<meta name=\"twitter:data1\" content=\"1 minute\" \/>\n<script type=\"application\/ld+json\" class=\"yoast-schema-graph\">{\"@context\":\"https:\/\/schema.org\",\"@graph\":[{\"@type\":\"WebSite\",\"@id\":\"https:\/\/zity.eco\/#website\",\"url\":\"https:\/\/zity.eco\/\",\"name\":\"Zity\",\"description\":\"\",\"potentialAction\":[{\"@type\":\"SearchAction\",\"target\":{\"@type\":\"EntryPoint\",\"urlTemplate\":\"https:\/\/zity.eco\/?s={search_term_string}\"},\"query-input\":\"required name=search_term_string\"}],\"inLanguage\":\"fr-FR\"},{\"@type\":\"ImageObject\",\"@id\":\"https:\/\/zity.eco\/fr\/paris\/nos-packs-malins-ont-demenage\/#primaryimage\",\"inLanguage\":\"fr-FR\",\"url\":\"https:\/\/zity.eco\/wp-content\/uploads\/2022\/11\/nos-movemos.png\",\"contentUrl\":\"https:\/\/zity.eco\/wp-content\/uploads\/2022\/11\/nos-movemos.png\",\"width\":951,\"height\":600},{\"@type\":\"WebPage\",\"@id\":\"https:\/\/zity.eco\/fr\/paris\/nos-packs-malins-ont-demenage\/#webpage\",\"url\":\"https:\/\/zity.eco\/fr\/paris\/nos-packs-malins-ont-demenage\/\",\"name\":\"Nos Packs Malins ont d\u00e9m\u00e9nag\u00e9 &ndash; Zity\",\"isPartOf\":{\"@id\":\"https:\/\/zity.eco\/#website\"},\"primaryImageOfPage\":{\"@id\":\"https:\/\/zity.eco\/fr\/paris\/nos-packs-malins-ont-demenage\/#primaryimage\"},\"datePublished\":\"2022-11-22T15:47:48+00:00\",\"dateModified\":\"2022-11-22T15:48:23+00:00\",\"description\":\"Pour acc\u00e9l\u00e9rer le processus et vous simplifier la vie, vous pouvez d\u00e9sormais acheter nos packs depuis l'appli Zity.\",\"breadcrumb\":{\"@id\":\"https:\/\/zity.eco\/fr\/paris\/nos-packs-malins-ont-demenage\/#breadcrumb\"},\"inLanguage\":\"fr-FR\",\"potentialAction\":[{\"@type\":\"ReadAction\",\"target\":[\"https:\/\/zity.eco\/fr\/paris\/nos-packs-malins-ont-demenage\/\"]}]},{\"@type\":\"BreadcrumbList\",\"@id\":\"https:\/\/zity.eco\/fr\/paris\/nos-packs-malins-ont-demenage\/#breadcrumb\",\"itemListElement\":[{\"@type\":\"ListItem\",\"position\":1,\"name\":\"Portada\",\"item\":\"https:\/\/zity.eco\/fr\/\"},{\"@type\":\"ListItem\",\"position\":2,\"name\":\"Paris\",\"item\":\"https:\/\/zity.eco\/fr\/?page_id=82976\"},{\"@type\":\"ListItem\",\"position\":3,\"name\":\"Nos Packs Malins ont d\u00e9m\u00e9nag\u00e9\"}]}]}<\/script>\n<!-- \/ Yoast SEO plugin. -->","yoast_head_json":{"title":"Nos Packs Malins ont d\u00e9m\u00e9nag\u00e9 &ndash; Zity","description":"Pour acc\u00e9l\u00e9rer le processus et vous simplifier la vie, vous pouvez d\u00e9sormais acheter nos packs depuis l'appli Zity.","robots":{"index":"index","follow":"follow","max-snippet":"max-snippet:-1","max-image-preview":"max-image-preview:large","max-video-preview":"max-video-preview:-1"},"canonical":"https:\/\/zity.eco\/fr\/paris\/nos-packs-malins-ont-demenage\/","og_locale":"fr_FR","og_type":"article","og_title":"Nos Packs Malins ont d\u00e9m\u00e9nag\u00e9 &ndash; Zity","og_description":"Pour acc\u00e9l\u00e9rer le processus et vous simplifier la vie, vous pouvez d\u00e9sormais acheter nos packs depuis l'appli Zity.","og_url":"https:\/\/zity.eco\/fr\/paris\/nos-packs-malins-ont-demenage\/","og_site_name":"Zity","article_modified_time":"2022-11-22T15:48:23+00:00","og_image":[{"url":"https:\/\/zity.eco\/wp-content\/uploads\/2022\/11\/nos-movemos.png"}],"twitter_card":"summary_large_image","twitter_misc":{"Dur\u00e9e de lecture estim\u00e9e":"1 minute"},"schema":{"@context":"https:\/\/schema.org","@graph":[{"@type":"WebSite","@id":"https:\/\/zity.eco\/#website","url":"https:\/\/zity.eco\/","name":"Zity","description":"","potentialAction":[{"@type":"SearchAction","target":{"@type":"EntryPoint","urlTemplate":"https:\/\/zity.eco\/?s={search_term_string}"},"query-input":"required name=search_term_string"}],"inLanguage":"fr-FR"},{"@type":"ImageObject","@id":"https:\/\/zity.eco\/fr\/paris\/nos-packs-malins-ont-demenage\/#primaryimage","inLanguage":"fr-FR","url":"https:\/\/zity.eco\/wp-content\/uploads\/2022\/11\/nos-movemos.png","contentUrl":"https:\/\/zity.eco\/wp-content\/uploads\/2022\/11\/nos-movemos.png","width":951,"height":600},{"@type":"WebPage","@id":"https:\/\/zity.eco\/fr\/paris\/nos-packs-malins-ont-demenage\/#webpage","url":"https:\/\/zity.eco\/fr\/paris\/nos-packs-malins-ont-demenage\/","name":"Nos Packs Malins ont d\u00e9m\u00e9nag\u00e9 &ndash; Zity","isPartOf":{"@id":"https:\/\/zity.eco\/#website"},"primaryImageOfPage":{"@id":"https:\/\/zity.eco\/fr\/paris\/nos-packs-malins-ont-demenage\/#primaryimage"},"datePublished":"2022-11-22T15:47:48+00:00","dateModified":"2022-11-22T15:48:23+00:00","description":"Pour acc\u00e9l\u00e9rer le processus et vous simplifier la vie, vous pouvez d\u00e9sormais acheter nos packs depuis l'appli Zity.","breadcrumb":{"@id":"https:\/\/zity.eco\/fr\/paris\/nos-packs-malins-ont-demenage\/#breadcrumb"},"inLanguage":"fr-FR","potentialAction":[{"@type":"ReadAction","target":["https:\/\/zity.eco\/fr\/paris\/nos-packs-malins-ont-demenage\/"]}]},{"@type":"BreadcrumbList","@id":"https:\/\/zity.eco\/fr\/paris\/nos-packs-malins-ont-demenage\/#breadcrumb","itemListElement":[{"@type":"ListItem","position":1,"name":"Portada","item":"https:\/\/zity.eco\/fr\/"},{"@type":"ListItem","position":2,"name":"Paris","item":"https:\/\/zity.eco\/fr\/?page_id=82976"},{"@type":"ListItem","position":3,"name":"Nos Packs Malins ont d\u00e9m\u00e9nag\u00e9"}]}]}},"_links":{"self":[{"href":"https:\/\/zity.eco\/fr\/wp-json\/wp\/v2\/pages\/136250"}],"collection":[{"href":"https:\/\/zity.eco\/fr\/wp-json\/wp\/v2\/pages"}],"about":[{"href":"https:\/\/zity.eco\/fr\/wp-json\/wp\/v2\/types\/page"}],"author":[{"embeddable":true,"href":"https:\/\/zity.eco\/fr\/wp-json\/wp\/v2\/users\/19"}],"replies":[{"embeddable":true,"href":"https:\/\/zity.eco\/fr\/wp-json\/wp\/v2\/comments?post=136250"}],"version-history":[{"count":1,"href":"https:\/\/zity.eco\/fr\/wp-json\/wp\/v2\/pages\/136250\/revisions"}],"predecessor-version":[{"id":136251,"href":"https:\/\/zity.eco\/fr\/wp-json\/wp\/v2\/pages\/136250\/revisions\/136251"}],"up":[{"embeddable":true,"href":"https:\/\/zity.eco\/fr\/wp-json\/wp\/v2\/pages\/82976"}],"wp:attachment":[{"href":"https:\/\/zity.eco\/fr\/wp-json\/wp\/v2\/media?parent=136250"}],"curies":[{"name":"wp","href":"https:\/\/api.w.org\/{rel}","templated":true}]}}